{"id":5,"date":"2014-11-04T10:45:31","date_gmt":"2014-11-04T10:45:31","guid":{"rendered":"http:\/\/www.potocnik-doo.si\/?page_id=5"},"modified":"2025-01-30T10:10:08","modified_gmt":"2025-01-30T10:10:08","slug":"predstavitev","status":"publish","type":"page","link":"https:\/\/www.potocnik-doo.si\/?page_id=5","title":{"rendered":"Predstavitev"},"content":{"rendered":"<table style=\"height: 458px;\" width=\"100%\">\n<tbody>\n<tr>\n<td>Nudimo storitve z dvi\u017eno plo\u0161\u010dadjo delovne vi\u0161ine 20 m, kot so:<\/p>\n<ul>\n<li>\u010di\u0161\u010denje in popravilo \u017elebov ter ostalih kleparskih izdelkov,<\/li>\n<li>popravila streh,<\/li>\n<li>popravila fasad,<\/li>\n<li>obrezovanje drevja, &#8230;<\/li>\n<\/ul>\n<p>Prav tako smo vam na voljo za vsa vstala vzdr\u017eevalna dela v objektih, kot so:<\/p>\n<ul>\n<li>Iskanje napak na vodovodih s Sewerin aquaphone AF100 (na \u0161um) in Fast gascheck (na plin)<\/li>\n<li>elektroinstalacijska dela,<\/li>\n<li>gradbena dela,<\/li>\n<li>slikopleskarska dela,<\/li>\n<li>kovinarska dela<\/li>\n<\/ul>\n<p><strong>Storitve opravimo sami, ali pa mo\u010di zdru\u017eimo s \u0161irokim krogom zanesljivih podizvajalcev.<\/strong><\/p>\n<p>Dovolite nam, da se vam predstavimo z ugodno ponudbo ter zanesljivo in kvalitetno izvedbo!<\/td>\n<td><a href=\"http:\/\/www.potocnik-doo.si\/wp-content\/uploads\/2025\/01\/20240130_154927-scaled.jpg\"><img loading=\"lazy\" decoding=\"async\" class=\"alignnone wp-image-163 size-medium\" src=\"http:\/\/www.potocnik-doo.si\/wp-content\/uploads\/2025\/01\/20240130_154927-225x300.jpg\" alt=\"\" width=\"225\" height=\"300\" srcset=\"https:\/\/www.potocnik-doo.si\/wp-content\/uploads\/2025\/01\/20240130_154927-225x300.jpg 225w, https:\/\/www.potocnik-doo.si\/wp-content\/uploads\/2025\/01\/20240130_154927-768x1024.jpg 768w, https:\/\/www.potocnik-doo.si\/wp-content\/uploads\/2025\/01\/20240130_154927-1152x1536.jpg 1152w, https:\/\/www.potocnik-doo.si\/wp-content\/uploads\/2025\/01\/20240130_154927-1536x2048.jpg 1536w, https:\/\/www.potocnik-doo.si\/wp-content\/uploads\/2025\/01\/20240130_154927-scaled.jpg 1920w\" sizes=\"auto, (max-width: 225px) 100vw, 225px\" \/><\/a><\/td>\n<\/tr>\n<\/tbody>\n<\/table>\n","protected":false},"excerpt":{"rendered":"<p>Nudimo storitve z dvi\u017eno plo\u0161\u010dadjo delovne vi\u0161ine 20 m, kot so: \u010di\u0161\u010denje in popravilo \u017elebov ter ostalih kleparskih izdelkov, popravila streh, popravila fasad, obrezovanje drevja,[&#8230;]<\/p>\n","protected":false},"author":1,"featured_media":0,"parent":0,"menu_order":2,"comment_status":"closed","ping_status":"closed","template":"page-template\/full-width.php","meta":{"footnotes":""},"class_list":["post-5","page","type-page","status-publish","hentry"],"_links":{"self":[{"href":"https:\/\/www.potocnik-doo.si\/index.php?rest_route=\/wp\/v2\/pages\/5","targetHints":{"allow":["GET"]}}],"collection":[{"href":"https:\/\/www.potocnik-doo.si\/index.php?rest_route=\/wp\/v2\/pages"}],"about":[{"href":"https:\/\/www.potocnik-doo.si\/index.php?rest_route=\/wp\/v2\/types\/page"}],"author":[{"embeddable":true,"href":"https:\/\/www.potocnik-doo.si\/index.php?rest_route=\/wp\/v2\/users\/1"}],"replies":[{"embeddable":true,"href":"https:\/\/www.potocnik-doo.si\/index.php?rest_route=%2Fwp%2Fv2%2Fcomments&post=5"}],"version-history":[{"count":20,"href":"https:\/\/www.potocnik-doo.si\/index.php?rest_route=\/wp\/v2\/pages\/5\/revisions"}],"predecessor-version":[{"id":209,"href":"https:\/\/www.potocnik-doo.si\/index.php?rest_route=\/wp\/v2\/pages\/5\/revisions\/209"}],"wp:attachment":[{"href":"https:\/\/www.potocnik-doo.si\/index.php?rest_route=%2Fwp%2Fv2%2Fmedia&parent=5"}],"curies":[{"name":"wp","href":"https:\/\/api.w.org\/{rel}","templated":true}]}}